{"id":33828,"date":"2018-05-28T12:49:42","date_gmt":"2018-05-28T12:49:42","guid":{"rendered":"https:\/\/new.hmstr.website\/?page_id=33828"},"modified":"2018-06-08T08:04:28","modified_gmt":"2018-06-08T08:04:28","slug":"cookie-hinweis","status":"publish","type":"page","link":"https:\/\/www.abraxas.de\/en\/cookie-hinweis\/","title":{"rendered":"Cookie Hinweis"},"content":{"rendered":"<div class=\"wpb-content-wrapper\"><p>[vc_row][vc_column][vc_column_text]<\/p>\n<h2 style=\"text-align: center;\">Cookie-Richtlinie<\/h2>\n<p>[\/vc_column_text][vc_separator color=&#8221;custom&#8221; border_width=&#8221;2&#8243; el_width=&#8221;40&#8243; accent_color=&#8221;#00bcd4&#8243;][\/vc_column][\/vc_row][vc_row][vc_column][vc_column_text]Ein Cookie ist ein kleiner Datensatz, der auf Ihrem Endger\u00e4t gespeichert wird und Daten wie z. B. pers\u00f6nliche Seiteneinstellungen und Anmeldeinformationen enth\u00e4lt. Dieser Datensatz wird von dem Web-Server, mit dem Sie \u00fcber Ihren Web-Browser eine Verbindung aufgebaut haben, erzeugt und an Sie gesendet. Im Allgemeinen setzen wir Cookies zur Analyse des Interesses an unseren Webseiten sowie zur Verbesserung der Benutzerfreundlichkeit unserer Webseiten ein. Sie k\u00f6nnen unsere Webseiten grunds\u00e4tzlich auch ohne Cookies aufrufen. Wollen Sie unsere Webseiten vollumf\u00e4nglich bzw. komfortabel nutzen, sollten Sie jedoch diejenigen Cookies akzeptieren, die die Nutzung bestimmter Funktionen erm\u00f6glichen bzw. die Nutzung komfortabler machen. Die Verwendungszwecke der von uns genutzten Cookies k\u00f6nnen Sie der nachstehenden \u00dcbersicht entnehmen.<\/p>\n<p>Mit der Nutzung unserer Webseite sind Sie, soweit Cookies nach Ihren Browser-Einstellungen akzeptiert werden, mit dem Einsatz dieser Cookies einverstanden. Die meisten Browser sind standardm\u00e4\u00dfig so eingestellt, dass sie alle Cookies akzeptieren. Sie haben allerdings die M\u00f6glichkeit, Ihren Browser derart einzustellen, dass Cookies vor ihrer Speicherung angezeigt werden, nur bestimmte Cookies akzeptiert oder abgelehnt werden oder Cookies generell abgelehnt werden.<\/p>\n<p>Wir weisen darauf hin, dass Einstellungs\u00e4nderungen immer nur den jeweiligen Browser betreffen. Nutzen Sie verschiedene Browser oder wechseln Sie das Endger\u00e4t, m\u00fcssen die Einstellungen erneut vorgenommen werden. Dar\u00fcber hinaus k\u00f6nnen Sie Cookies jederzeit aus Ihrem Speichermedium l\u00f6schen. Informationen zu den Cookie-Einstellungen, deren \u00c4nderung und der L\u00f6schung von Cookies entnehmen Sie bitte der Hilfefunktion Ihres Web-Browsers.<\/p>\n<p>Nachfolgend sind die gebr\u00e4uchlichsten Arten von Cookies zu Ihrem Verst\u00e4ndnis erkl\u00e4rt:<\/p>\n<h4>1. Sitzungs-Cookies<\/h4>\n<p>W\u00e4hrend Sie auf einer Webseite aktiv sind, wird tempor\u00e4r ein Sitzungs-Cookie im Speicher Ihres Computers abgelegt, in dem eine Sitzungskennung gespeichert wird, um z. B. bei jedem Seitenwechsel zu verhindern, dass Sie sich erneut anmelden m\u00fcssen. Sitzungs-Cookies werden bei der Abmeldung gel\u00f6scht oder verlieren ihre G\u00fcltigkeit, sobald ihre Sitzung automatisch abgelaufen ist.<\/p>\n<h4>2. Permanente oder Protokoll-Cookies<\/h4>\n<p>Ein permanenter oder Protokoll-Cookie speichert eine Datei \u00fcber den im Ablaufdatum vorgesehenen Zeitraum auf Ihrem Computer. Durch diese Cookies erinnern sich Webseiten bei Ihrem n\u00e4chsten Besuch an Ihre Informationen und Einstellungen. Das f\u00fchrt zu einem schnelleren und bequemeren Zugriff, damit Sie z. B. nicht erneut eine Spracheinstellung vornehmen m\u00fcssen. Mit Verstreichen des Ablaufdatums wird das Cookie automatisch gel\u00f6scht.<\/p>\n<h4>3. Drittanbieter-Cookies<\/h4>\n<p>Drittanbieter-Cookies stammen von anderen Anbietern als dem Betreiber der Webseite. Sie k\u00f6nnen beispielsweise zum Sammeln von Informationen f\u00fcr Werbung, benutzerdefinierte Inhalte und Web-Statistiken verwendet werden.<\/p>\n<h3>II. Auflistung<\/h3>\n<p>Auf dieser Webseite werden die folgenden Kategorien von Cookies verwendet:<\/p>\n<h4>1. Notwendige Cookies:<\/h4>\n<p>Hierbei handelt es sich um Cookies die f\u00fcr die Nutzung der Webseite notwendig sind und es Ihnen erm\u00f6glichen die angebotenen Inhalte und Funktionen vollumf\u00e4nglich zu nutzen, etwa wenn Sie sich f\u00fcr bestimmte Bereiche der Webseite registrieren und einloggen m\u00fcssen. Ohne diese notwendigen Cookies k\u00f6nnen Sie die Dienste unserer Webseite nicht in Anspruch nehmen.<\/p>\n<h4>2. Performance-Cookies<\/h4>\n<p>Diese Cookies sammeln statistische Informationen \u00fcber die Nutzung unserer Webseite, etwa welche Seiten am h\u00e4ufigsten besucht werden und ob Fehler aufgetreten sind. Diese Cookies sammeln keine Informationen, die Sie als Nutzer identifizieren. Die in den Cookies gesammelten Informationen sind aggregiert und daher f\u00fcr uns anonym. Diese Cookies werden lediglich zur Verbesserung der Performance der Website eingesetzt.<\/p>\n<h4>3. Funktions-Cookies<\/h4>\n<p>Diese Cookies erlauben es Einstellungen, die Sie f\u00fcr die Darstellung der Website getroffen haben (etwa Login, Sprache, Region, etc.) zu speichern. Diese Cookies enthalten keine weiteren Informationen und k\u00f6nnen nicht durch Dritte ausgelesen werden.<\/p>\n<p>Auf dieser Webseite werden die folgenden Cookies verwendet:<\/p>\n<p>[user_privacy_settings_form][\/vc_column_text][\/vc_column][\/vc_row]<\/p>\n<\/div>","protected":false},"excerpt":{"rendered":"<p>[vc_row][vc_column][vc_column_text] Cookie-Richtlinie [\/vc_column_text][vc_separator color=&#8221;custom&#8221; border_width=&#8221;2&#8243; el_width=&#8221;40&#8243; accent_color=&#8221;#00bcd4&#8243;][\/vc_column][\/vc_row][vc_row][vc_column][vc_column_text]Ein Cookie ist ein kleiner Datensatz, der auf Ihrem Endger\u00e4t gespeichert wird und Daten&#8230;<\/p>\n","protected":false},"author":6,"featured_media":0,"parent":0,"menu_order":0,"comment_status":"closed","ping_status":"closed","template":"","meta":{"footnotes":""},"class_list":["post-33828","page","type-page","status-publish"],"translation":{"provider":"WPGlobus","version":"3.0.2","language":"en","enabled_languages":["de","en"],"languages":{"de":{"title":true,"content":true,"excerpt":false},"en":{"title":false,"content":false,"excerpt":false}}},"_links":{"self":[{"href":"https:\/\/www.abraxas.de\/en\/wp-json\/wp\/v2\/pages\/33828","targetHints":{"allow":["GET"]}}],"collection":[{"href":"https:\/\/www.abraxas.de\/en\/wp-json\/wp\/v2\/pages"}],"about":[{"href":"https:\/\/www.abraxas.de\/en\/wp-json\/wp\/v2\/types\/page"}],"author":[{"embeddable":true,"href":"https:\/\/www.abraxas.de\/en\/wp-json\/wp\/v2\/users\/6"}],"replies":[{"embeddable":true,"href":"https:\/\/www.abraxas.de\/en\/wp-json\/wp\/v2\/comments?post=33828"}],"version-history":[{"count":5,"href":"https:\/\/www.abraxas.de\/en\/wp-json\/wp\/v2\/pages\/33828\/revisions"}],"predecessor-version":[{"id":34590,"href":"https:\/\/www.abraxas.de\/en\/wp-json\/wp\/v2\/pages\/33828\/revisions\/34590"}],"wp:attachment":[{"href":"https:\/\/www.abraxas.de\/en\/wp-json\/wp\/v2\/media?parent=33828"}],"curies":[{"name":"wp","href":"https:\/\/api.w.org\/{rel}","templated":true}]}}