{"id":31964,"date":"2018-03-27T11:41:46","date_gmt":"2018-03-27T11:41:46","guid":{"rendered":"https:\/\/new.hmstr.website\/?page_id=31964"},"modified":"2025-04-16T12:28:53","modified_gmt":"2025-04-16T13:28:53","slug":"anfahrt","status":"publish","type":"page","link":"https:\/\/www.abraxas.de\/en\/anfahrt\/","title":{"rendered":"How to find us"},"content":{"rendered":"<div class=\"wpb-content-wrapper\"><p>{:de}[vc_row][vc_column]<div id=\"fullwidth-block-69f5402407515\" class=\"fullwidth-block clearfix\"  style=\"padding-top: 300px;padding-bottom: 100px;\"><script type=\"text\/javascript\">if (typeof(gem_fix_fullwidth_position) == \"function\") { gem_fix_fullwidth_position(document.getElementById(\"fullwidth-block-69f5402407515\")); }<\/script><div class=\"fullwidth-block-background\" style=\"background-image: url(https:\/\/www.abraxas.de\/wp-content\/uploads\/2018\/06\/header-anfahrt.jpg);background-repeat: no-repeat; background-size: cover;background-position: center center;\"><\/div><div class=\"fullwidth-block-inner\"><div class=\"container\"><\/div><\/div><\/div>[\/vc_column][\/vc_row][vc_row][vc_column][vc_column_text]<\/p>\n<h1 style=\"text-align: center;\">Anfahrt<\/h1>\n<p>[\/vc_column_text][vc_separator color=&#8221;custom&#8221; accent_color=&#8221;#00bcd4&#8243; border_width=&#8221;2&#8243; el_width=&#8221;20&#8243;]<div class=\"clearboth\"><\/div><style>#thegem-divider-69f540240753f {margin-top: 40px !important;}<\/style><div id=\"thegem-divider-69f540240753f\" class=\"gem-divider  \" style=\"\" ><\/div>[vc_column_text]Wir freuen uns \u00fcber Ihren Besuch. Vor Ihrer Anreise k\u00f6nnen Sie sich <a href=\"https:\/\/www.wetter.com\/deutschland\/saarbruecken\/DE0009173.html\">hier<\/a> noch schnell \u00fcber das aktuelle Wetter und die Vorhersage f\u00fcr die n\u00e4chsten Tage informieren.[\/vc_column_text]<div class=\"clearboth\"><\/div><style>#thegem-divider-69f540240756c {margin-top: 40px !important;}<\/style><div id=\"thegem-divider-69f540240756c\" class=\"gem-divider  \" style=\"\" ><\/div>[vc_column_text]<\/p>\n<h5>Anreise mit \u00f6ffentlichen Verkehrsmitteln<\/h5>\n<p>[\/vc_column_text][vc_column_text]Ihre Anreise mit <a href=\"https:\/\/www.bahn.de\/\">der Bahn<\/a> f\u00fchrt Sie \u00fcber den Saarbr\u00fccker Hauptbahnhof. Von dort erreichen Sie den InnovationsCampus Saar per Taxi oder mit der Buslinie Nr. 122 (Richtung: F\u00fcllengarten Siedlung; Haltestelle: IT Park Ost).[\/vc_column_text]<div class=\"clearboth\"><\/div><style>#thegem-divider-69f540240757f {margin-top: 40px !important;}<\/style><div id=\"thegem-divider-69f540240757f\" class=\"gem-divider  \" style=\"\" ><\/div>[\/vc_column][\/vc_row][vc_row][vc_column][vc_column_text]<\/p>\n<h5><strong>Anreise mit dem PKW<\/strong><\/h5>\n<p>[\/vc_column_text][vc_column_text css=&#8221;&#8221;]Die Anfahrt zum Gel\u00e4nde des InnovationsCampus Saar ist bereits ab den Autobahnen A1, A6 und A620 gut ausgeschildert. Vor Ort im InnovtionsCampus Saar befindet sich unser Firmensitz im Innovationsring 11. Parkpl\u00e4tze stehen hinter dem Geb\u00e4ude f\u00fcr Sie bereit.[\/vc_column_text]<div class=\"clearboth\"><\/div><style>#thegem-divider-69f540240758f {margin-top: 40px !important;}<\/style><div id=\"thegem-divider-69f540240758f\" class=\"gem-divider  \" style=\"\" ><\/div>[\/vc_column][\/vc_row][vc_row][vc_column][vc_column_text]Unser Hauptsitz ist im <a href=\"http:\/\/www.innovationscampussaar.de\/\"><strong>InnovationsCampus<\/strong><\/a> Saar in Saarbr\u00fccken.[\/vc_column_text]<div class=\"gem-map-with-text\"><div class=\"gem-map-with-text-content\" style=\"\"><\/div><div class=\"gem-map-with-text-map\">[vc_gmaps link=\"#E-8_JTNDaWZyYW1lJTIwc3JjJTNEJTIyaHR0cHMlM0ElMkYlMkZ3d3cuZ29vZ2xlLmNvbSUyRm1hcHMlMkZlbWJlZCUzRnBiJTNEJTIxMW0xOCUyMTFtMTIlMjExbTMlMjExZDQ0MTUxLjU2OTM1OTAwNTc1JTIxMmQ2Ljk0Mzk5MTcxMzM0NDg5OCUyMTNkNDkuMjQ2MTU2Mjg5NDY1MzIlMjEybTMlMjExZjAlMjEyZjAlMjEzZjAlMjEzbTIlMjExaTEwMjQlMjEyaTc2OCUyMTRmMTMuMSUyMTNtMyUyMTFtMiUyMTFzMHg0Nzk1YjE5NGE2Mzg2NmIzJTI1M0EweGI5MDA1NmYwYzNjNDVmYjYlMjEyc2FicmF4YXMlMjUyMFNvZnR3YXJlZW50d2lja2x1bmdzZ2VzZWxsc2NoYWZ0JTI1MjBtYkglMjE1ZTAlMjEzbTIlMjExc2RlJTIxMnNkZSUyMTR2MTc0NDEwNTMwNTY4OCUyMTVtMiUyMTFzZGUlMjEyc2RlJTIyJTIwd2lkdGglM0QlMjI2MDAlMjIlMjBoZWlnaHQlM0QlMjI0NTAlMjIlMjBzdHlsZSUzRCUyMmJvcmRlciUzQTAlM0IlMjIlMjBhbGxvd2Z1bGxzY3JlZW4lM0QlMjIlMjIlMjBsb2FkaW5nJTNEJTIybGF6eSUyMiUyMHJlZmVycmVycG9saWN5JTNEJTIybm8tcmVmZXJyZXItd2hlbi1kb3duZ3JhZGUlMjIlM0UlM0MlMkZpZnJhbWUlM0U=\" size=\"\" disable_scroll=\"\"]<\/div><\/div>[\/vc_column][\/vc_row][vc_row][vc_column][vc_column_text]<\/p>\n<\/div>","protected":false},"excerpt":{"rendered":"<p>{:de}[vc_row][vc_column][\/vc_column][\/vc_row][vc_row][vc_column][vc_column_text] Anfahrt [\/vc_column_text][vc_separator color=&#8221;custom&#8221; accent_color=&#8221;#00bcd4&#8243; border_width=&#8221;2&#8243; el_width=&#8221;20&#8243;][vc_column_text]Wir freuen uns \u00fcber Ihren Besuch. Vor Ihrer Anreise k\u00f6nnen Sie sich hier noch&#8230;<\/p>\n","protected":false},"author":6,"featured_media":0,"parent":0,"menu_order":0,"comment_status":"closed","ping_status":"closed","template":"","meta":{"footnotes":""},"class_list":["post-31964","page","type-page","status-publish"],"translation":{"provider":"WPGlobus","version":"3.0.2","language":"en","enabled_languages":["de","en"],"languages":{"de":{"title":true,"content":true,"excerpt":false},"en":{"title":true,"content":true,"excerpt":false}}},"_links":{"self":[{"href":"https:\/\/www.abraxas.de\/en\/wp-json\/wp\/v2\/pages\/31964","targetHints":{"allow":["GET"]}}],"collection":[{"href":"https:\/\/www.abraxas.de\/en\/wp-json\/wp\/v2\/pages"}],"about":[{"href":"https:\/\/www.abraxas.de\/en\/wp-json\/wp\/v2\/types\/page"}],"author":[{"embeddable":true,"href":"https:\/\/www.abraxas.de\/en\/wp-json\/wp\/v2\/users\/6"}],"replies":[{"embeddable":true,"href":"https:\/\/www.abraxas.de\/en\/wp-json\/wp\/v2\/comments?post=31964"}],"version-history":[{"count":67,"href":"https:\/\/www.abraxas.de\/en\/wp-json\/wp\/v2\/pages\/31964\/revisions"}],"predecessor-version":[{"id":35127,"href":"https:\/\/www.abraxas.de\/en\/wp-json\/wp\/v2\/pages\/31964\/revisions\/35127"}],"wp:attachment":[{"href":"https:\/\/www.abraxas.de\/en\/wp-json\/wp\/v2\/media?parent=31964"}],"curies":[{"name":"wp","href":"https:\/\/api.w.org\/{rel}","templated":true}]}}