{"id":31836,"date":"2018-03-27T07:02:44","date_gmt":"2018-03-27T07:02:44","guid":{"rendered":"https:\/\/new.hmstr.website\/?page_id=31836"},"modified":"2026-01-06T12:11:05","modified_gmt":"2026-01-06T13:11:05","slug":"unternehmensmanagement","status":"publish","type":"page","link":"https:\/\/www.abraxas.de\/en\/unternehmensmanagement\/","title":{"rendered":"Management &#038; Team"},"content":{"rendered":"<div class=\"wpb-content-wrapper\"><p>[vc_row][vc_column]<div id=\"fullwidth-block-69f53044587e9\" class=\"fullwidth-block clearfix\"  style=\"padding-top: 300px;padding-bottom: 100px;\"><script type=\"text\/javascript\">if (typeof(gem_fix_fullwidth_position) == \"function\") { gem_fix_fullwidth_position(document.getElementById(\"fullwidth-block-69f53044587e9\")); }<\/script><div class=\"fullwidth-block-background\" style=\"background-image: url(https:\/\/www.abraxas.de\/wp-content\/uploads\/2018\/06\/header-team-management.jpg);background-repeat: no-repeat; background-size: cover;background-position: center center;\"><\/div><div class=\"fullwidth-block-inner\"><div class=\"container\"><\/div><\/div><\/div>[\/vc_column][\/vc_row][vc_row][vc_column]<div class=\"clearboth\"><\/div><style>#thegem-divider-69f5304458824 {margin-top: 40px !important;}<\/style><div id=\"thegem-divider-69f5304458824\" class=\"gem-divider  \" style=\"\" ><\/div>[vc_column_text]<\/p>\n<h1 style=\"text-align: center;\">Unser Team<\/h1>\n<p>[\/vc_column_text][vc_separator color=&#8221;custom&#8221; border_width=&#8221;2&#8243; el_width=&#8221;20&#8243; accent_color=&#8221;#00bcd4&#8243;]<div class=\"clearboth\"><\/div><style>#thegem-divider-69f530445885c {margin-top: 40px !important;}<\/style><div id=\"thegem-divider-69f530445885c\" class=\"gem-divider  \" style=\"\" ><\/div>[vc_column_text]<\/p>\n<p style=\"text-align: center;\">Wir sind ein engagiertes Team aus erfahrenen Spezialisten und ambitionierten Talenten mit viel Motivation bei dem was wir tun.<br \/>\nUnser Erfolg basiert auf Professionalit\u00e4t, Kompetenz und Freude an der Realisierung innovativer und kreativer L\u00f6sungen f\u00fcr unsere internationalen Kunden der Finanzdienstleistungsbranche<\/p>\n<p>[\/vc_column_text]<div class=\"clearboth\"><\/div><style>#thegem-divider-69f5304458870 {margin-top: 40px !important;}<\/style><div id=\"thegem-divider-69f5304458870\" class=\"gem-divider  \" style=\"\" ><\/div>[\/vc_column][\/vc_row][vc_row][vc_column]<div class=\"clearboth\"><\/div><style>#thegem-divider-69f53044588a3 {margin-top: 40px !important;}<\/style><div id=\"thegem-divider-69f53044588a3\" class=\"gem-divider  \" style=\"\" ><\/div>[vc_column_text]<\/p>\n<h1 style=\"text-align: center;\">Management<\/h1>\n<p>[\/vc_column_text][vc_separator color=&#8221;custom&#8221; border_width=&#8221;2&#8243; el_width=&#8221;20&#8243; accent_color=&#8221;#00bcd4&#8243;]<div class=\"clearboth\"><\/div><style>#thegem-divider-69f53044588b5 {margin-top: 40px !important;}<\/style><div id=\"thegem-divider-69f53044588b5\" class=\"gem-divider  \" style=\"\" ><\/div>[vc_column_text]<\/p>\n<p style=\"text-align: center;\">Wir verfolgen eine nachhaltige, auf den langfristigen Erfolg ausgerichtete Unternehmensstrategie. Ergebnis dieser Strategie sind hochzufriedene und langfristige Kundenbeziehungen. Getragen und gelebt wird die Strategie von unseren Mitarbeitern.<\/p>\n<p>[\/vc_column_text]<div class=\"clearboth\"><\/div><style>#thegem-divider-69f53044588c5 {margin-top: 40px !important;}<\/style><div id=\"thegem-divider-69f53044588c5\" class=\"gem-divider  \" style=\"\" ><\/div>[\/vc_column][\/vc_row][vc_row][vc_column][vc_single_image image=&#8221;34826&#8243; img_size=&#8221;large&#8221; alignment=&#8221;center&#8221; style=&#8221;vc_box_shadow&#8221; css=&#8221;&#8221;][vc_column_text]<\/p>\n<h5 style=\"text-align: center;\">Daniel Schaum<\/h5>\n<p style=\"text-align: center;\">Gesch\u00e4ftsf\u00fchrer<\/p>\n<p>[\/vc_column_text][\/vc_column][\/vc_row]<\/p>\n<\/div>","protected":false},"excerpt":{"rendered":"<p>[vc_row][vc_column][\/vc_column][\/vc_row][vc_row][vc_column][vc_column_text] Unser Team [\/vc_column_text][vc_separator color=&#8221;custom&#8221; border_width=&#8221;2&#8243; el_width=&#8221;20&#8243; accent_color=&#8221;#00bcd4&#8243;][vc_column_text] Wir sind ein engagiertes Team aus erfahrenen Spezialisten und ambitionierten Talenten mit&#8230;<\/p>\n","protected":false},"author":6,"featured_media":0,"parent":0,"menu_order":0,"comment_status":"closed","ping_status":"closed","template":"","meta":{"footnotes":""},"class_list":["post-31836","page","type-page","status-publish"],"translation":{"provider":"WPGlobus","version":"3.0.2","language":"en","enabled_languages":["de","en"],"languages":{"de":{"title":true,"content":true,"excerpt":false},"en":{"title":false,"content":false,"excerpt":false}}},"_links":{"self":[{"href":"https:\/\/www.abraxas.de\/en\/wp-json\/wp\/v2\/pages\/31836","targetHints":{"allow":["GET"]}}],"collection":[{"href":"https:\/\/www.abraxas.de\/en\/wp-json\/wp\/v2\/pages"}],"about":[{"href":"https:\/\/www.abraxas.de\/en\/wp-json\/wp\/v2\/types\/page"}],"author":[{"embeddable":true,"href":"https:\/\/www.abraxas.de\/en\/wp-json\/wp\/v2\/users\/6"}],"replies":[{"embeddable":true,"href":"https:\/\/www.abraxas.de\/en\/wp-json\/wp\/v2\/comments?post=31836"}],"version-history":[{"count":84,"href":"https:\/\/www.abraxas.de\/en\/wp-json\/wp\/v2\/pages\/31836\/revisions"}],"predecessor-version":[{"id":34731,"href":"https:\/\/www.abraxas.de\/en\/wp-json\/wp\/v2\/pages\/31836\/revisions\/34731"}],"wp:attachment":[{"href":"https:\/\/www.abraxas.de\/en\/wp-json\/wp\/v2\/media?parent=31836"}],"curies":[{"name":"wp","href":"https:\/\/api.w.org\/{rel}","templated":true}]}}