{"id":31795,"date":"2018-03-27T06:41:47","date_gmt":"2018-03-27T06:41:47","guid":{"rendered":"https:\/\/new.hmstr.website\/?page_id=31795"},"modified":"2024-09-10T14:22:59","modified_gmt":"2024-09-10T15:22:59","slug":"loesungen","status":"publish","type":"page","link":"https:\/\/www.abraxas.de\/en\/loesungen\/","title":{"rendered":"Solutions"},"content":{"rendered":"<div class=\"wpb-content-wrapper\"><p>[vc_row][vc_column]<div id=\"fullwidth-block-69f5400c3088b\" class=\"fullwidth-block clearfix\"  style=\"padding-top: 300px;padding-bottom: 100px;\"><script type=\"text\/javascript\">if (typeof(gem_fix_fullwidth_position) == \"function\") { gem_fix_fullwidth_position(document.getElementById(\"fullwidth-block-69f5400c3088b\")); }<\/script><div class=\"fullwidth-block-background\" style=\"background-image: url(https:\/\/www.abraxas.de\/wp-content\/uploads\/2018\/06\/header-fundline.jpg);background-repeat: no-repeat; background-size: cover;background-position: center center;\"><\/div><div class=\"fullwidth-block-inner\"><div class=\"container\"><\/div><\/div><\/div>[\/vc_column][\/vc_row][vc_row][vc_column][vc_column_text]<\/p>\n<h1 style=\"text-align: center;\">L\u00f6sungen<\/h1>\n<p>[\/vc_column_text][vc_separator color=&#8221;custom&#8221; el_width=&#8221;20&#8243; accent_color=&#8221;#00bcd4&#8243;]<div class=\"clearboth\"><\/div><style>#thegem-divider-69f5400c308bb {margin-top: 40px !important;}<\/style><div id=\"thegem-divider-69f5400c308bb\" class=\"gem-divider  \" style=\"\" ><\/div>[vc_column_text]<\/p>\n<p style=\"text-align: center;\">Unser L\u00f6sungsportfolio ist modular aufgebaut und umfasst hoch entwickelte Anwendungen f\u00fcr Banken, Depot Banken, Transfer Agents Kapitalanlagegesellschaften, Verm\u00f6gensverwalter und Versicherungen. Durch die Flexibilit\u00e4t k\u00f6nnen wir Ihnen zeitnah eine bedarfsorientierte und kosteng\u00fcnstige L\u00f6sung f\u00fcr Ihre Anforderungen realisieren.<\/p>\n<p>[\/vc_column_text][\/vc_column][\/vc_row][vc_row][vc_column width=&#8221;1\/3&#8243;]<div class=\"gem-button-container gem-button-position-center thegem-button-69f5400c309d95894    \"  ><a class=\"gem-button gem-button-size-giant gem-button-style-outline gem-button-text-weight-normal gem-button-border-2\" data-ll-effect=\"drop-right-without-wrap\" style=\"border-radius: 3px;\" onmouseleave=\"\" onmouseenter=\"\" href=\"\/riskline\/\" target=\"_self\">RiskLine\u00ae<\/a><\/div> [vc_column_text]<\/p>\n<p style=\"text-align: center;\">L\u00f6sung f\u00fcr die Konsolidierung und Qualit\u00e4tssicherung von Finanzmarktdaten, automatisierte Pr\u00fcfung auf Marktgerechtigkeit und Fair-Value-Berechnung.<\/p>\n<p>[\/vc_column_text][\/vc_column][vc_column width=&#8221;1\/3&#8243;]<div class=\"gem-button-container gem-button-position-center thegem-button-69f5400c30a5d8171    \"  ><a class=\"gem-button gem-button-size-giant gem-button-style-outline gem-button-text-weight-normal gem-button-border-2\" data-ll-effect=\"drop-right-without-wrap\" style=\"border-radius: 3px;\" onmouseleave=\"\" onmouseenter=\"\" href=\"\/fundline\/\" target=\"_self\">FundLine\u00ae<\/a><\/div> [vc_column_text]<\/p>\n<p style=\"text-align: center;\">L\u00f6sung zur Automatisierung aller mit der Abwicklung von Provisionen und Geb\u00fchren ( z.B. Bestands-\/Vertriebsprovisionen, Verwaltungs-, Depotbank\u2013 und Management Geb\u00fchren) verbundenen T\u00e4tigkeiten.<\/p>\n<p>[\/vc_column_text][\/vc_column][vc_column width=&#8221;1\/3&#8243;]<div class=\"gem-button-container gem-button-position-center thegem-button-69f5400c30ac35683    \"  ><a class=\"gem-button gem-button-size-giant gem-button-style-outline gem-button-text-weight-normal gem-button-border-2\" data-ll-effect=\"drop-right-without-wrap\" style=\"border-radius: 3px;\" onmouseleave=\"\" onmouseenter=\"\" href=\"\/fundline-s\" target=\"_self\">FundLine\u00ae-S<\/a><\/div> [vc_column_text css=&#8221;&#8221;]L\u00f6sung zur Order-Abwicklung und Registerf\u00fchrung. Ber\u00fccksichtigung von komplexen Regeln zur Abwicklung bis hin zu ELTIF und AI. Sehr flexibles und umfassendes Reporting[\/vc_column_text][\/vc_column][\/vc_row]<\/p>\n<\/div>","protected":false},"excerpt":{"rendered":"<p>[vc_row][vc_column][\/vc_column][\/vc_row][vc_row][vc_column][vc_column_text] L\u00f6sungen [\/vc_column_text][vc_separator color=&#8221;custom&#8221; el_width=&#8221;20&#8243; accent_color=&#8221;#00bcd4&#8243;][vc_column_text] Unser L\u00f6sungsportfolio ist modular aufgebaut und umfasst hoch entwickelte Anwendungen f\u00fcr Banken, Depot Banken,&#8230;<\/p>\n","protected":false},"author":6,"featured_media":0,"parent":0,"menu_order":0,"comment_status":"closed","ping_status":"closed","template":"","meta":{"footnotes":""},"class_list":["post-31795","page","type-page","status-publish"],"translation":{"provider":"WPGlobus","version":"3.0.2","language":"en","enabled_languages":["de","en"],"languages":{"de":{"title":true,"content":true,"excerpt":false},"en":{"title":true,"content":false,"excerpt":false}}},"_links":{"self":[{"href":"https:\/\/www.abraxas.de\/en\/wp-json\/wp\/v2\/pages\/31795","targetHints":{"allow":["GET"]}}],"collection":[{"href":"https:\/\/www.abraxas.de\/en\/wp-json\/wp\/v2\/pages"}],"about":[{"href":"https:\/\/www.abraxas.de\/en\/wp-json\/wp\/v2\/types\/page"}],"author":[{"embeddable":true,"href":"https:\/\/www.abraxas.de\/en\/wp-json\/wp\/v2\/users\/6"}],"replies":[{"embeddable":true,"href":"https:\/\/www.abraxas.de\/en\/wp-json\/wp\/v2\/comments?post=31795"}],"version-history":[{"count":43,"href":"https:\/\/www.abraxas.de\/en\/wp-json\/wp\/v2\/pages\/31795\/revisions"}],"predecessor-version":[{"id":34976,"href":"https:\/\/www.abraxas.de\/en\/wp-json\/wp\/v2\/pages\/31795\/revisions\/34976"}],"wp:attachment":[{"href":"https:\/\/www.abraxas.de\/en\/wp-json\/wp\/v2\/media?parent=31795"}],"curies":[{"name":"wp","href":"https:\/\/api.w.org\/{rel}","templated":true}]}}